{"id":2,"date":"2026-02-03T01:49:01","date_gmt":"2026-02-03T01:49:01","guid":{"rendered":"http:\/\/phoriginlab.com\/?page_id=2"},"modified":"2026-03-06T13:12:05","modified_gmt":"2026-03-06T06:12:05","slug":"sample-page","status":"publish","type":"page","link":"https:\/\/vietmydentallab.com\/","title":{"rendered":"Trang ch\u1ee7"},"content":{"rendered":"\t\t<div data-elementor-type=\"wp-page\" data-elementor-id=\"2\" class=\"elementor elementor-2\" data-elementor-post-type=\"page\">\n\t\t\t\t<div class=\"elementor-element elementor-element-2cccfc5 e-flex e-con-boxed e-con e-parent\" data-id=\"2cccfc5\" data-element_type=\"container\" data-e-type=\"container\" data-settings=\"{&quot;background_background&quot;:&quot;classic&quot;}\">\n\t\t\t\t\t<div class=\"e-con-inner\">\n\t\t<div class=\"elementor-element elementor-element-d6f9f8c e-con-full e-flex e-con e-child\" data-id=\"d6f9f8c\" data-element_type=\"container\" data-e-type=\"container\" data-settings=\"{&quot;background_background&quot;:&quot;classic&quot;}\">\n\t\t\t\t<div class=\"elementor-element elementor-element-1f26926 elementor-widget elementor-widget-heading\" data-id=\"1f26926\" data-element_type=\"widget\" data-e-type=\"widget\" data-widget_type=\"heading.default\">\n\t\t\t\t\t<h2 class=\"elementor-heading-title elementor-size-default\">Tra C\u1ee9u B\u1ea3o H\u00e0nh<\/h2>\t\t\t\t<\/div>\n\t\t\t\t<div class=\"elementor-element elementor-element-8e2c7cf elementor-widget__width-initial elementor-widget elementor-widget-text-editor\" data-id=\"8e2c7cf\" data-element_type=\"widget\" data-e-type=\"widget\" data-widget_type=\"text-editor.default\">\n\t\t\t\t\t\t\t\t\t<p>Truy c\u1eadp th\u00f4ng tin chi ti\u1ebft v\u1ec1 ph\u1ee5c h\u00ecnh c\u1ee7a b\u1ea1n ngay l\u1eadp t\u1ee9c. Nh\u1eadp s\u1ed1 \u0111i\u1ec7n tho\u1ea1i \u0111\u00e3 \u0111\u0103ng k\u00fd \u0111\u1ec3 ki\u1ec3m tra tr\u1ea1ng th\u00e1i b\u1ea3o h\u00e0nh.<\/p>\t\t\t\t\t\t\t\t<\/div>\n\t\t\t\t<div class=\"elementor-element elementor-element-7b1922f elementor-widget__width-initial elementor-widget elementor-widget-shortcode\" data-id=\"7b1922f\" data-element_type=\"widget\" data-e-type=\"widget\" data-widget_type=\"shortcode.default\">\n\t\t\t\t\t\t\t<div class=\"elementor-shortcode\"><style type=\"text\/css\">\n\t.check_warranty_baohanh_wrap, .check_warranty_baohanh_wrap * {\n    box-sizing: border-box;\n    -moz-box-sizing: border-box;\n    -webkit-box-sizing: border-box;\n}\n.check_warranty_baohanh_wrap p {\n    margin: 0 0 10px;\n}\n.check_warranty_baohanh_form_box {\n    position: relative;\n    margin: 0 auto!important;\n    margin: 0 0 10px;\n    text-align: center;\n}\n.check_warranty_baohanh_form_box input#check_warranty_masp {\n    width: 100%;\n    height: 35px;\n    padding: 0 10px;\n    box-shadow: none;\n    border-radius: 3px;\n    -moz-border-radius: 3px;\n    -webkit-border-radius: 3px;\n    border: 1px solid #d1d1d1;\n    outline: none;\n}\n.check_warranty_baohanh_form_box button.check_warranty_masp_submit {\n    \/*position: absolute;*\/\n    margin: 0;\n    top: 0;\n    height: 35px;\n    border: 0;\n    \/* border-left: 1px solid #00aff2; *\/\n    right: 0;\n    \/* border-radius: 0; *\/\n    -moz-border-radius: 0;\n    \/* -webkit-border-radius: 0; *\/\n    \/* border-top-right-radius: 3px; *\/\n    -moz-border-top-right-radius: 3px;\n    \/* -webkit-border-top-right-radius: 3px; *\/\n    \/* border-bottom-right-radius: 3px; *\/\n    -moz-border-bottom-right-radius: 3px;\n    \/* -webkit-border-bottom-right-radius: 3px; *\/\n    background: #00aff2;\n    color: #fff;\n    outline: none;\n    font-size: 11px;\n}\n\n.check_warranty_baohanh_form_box button.check_warranty_masp_submit:focus,\n.check_warranty_baohanh_form_box button.check_warranty_masp_submit:hover{\n    background: #0b83b1;\n    color: #fff;\n    border-left: 1px solid #0b83b1;\n}\n.check_warranty_baohanh_loading{\n    display: none;\n}\n.check_warranty_loading .check_warranty_baohanh_loading{\n    display: block;\n}\n.check_warranty_bh_table {\n    border: 1px solid #ccc;\n    border-collapse: collapse;\n    border-spacing: 0;\n    width: 100%;\n    display: table;\n    margin-bottom: 10px;\n}\n.check_warranty_baohanh_result .check_warranty_bh_table:last-child{\n    margin-bottom: 0;\n}\n.check_warranty_bh_row{\n    border-bottom: 1px solid #ddd;\n    display: table-row;\n}\n.check_warranty_bh_table .check_warranty_bh_row:nth-child(odd) {\n    background-color: #fff;\n}\n.check_warranty_bh_table .check_warranty_bh_row:nth-child(even) {\n    background-color: #f1f1f1;\n}\n.check_warranty_bh_col{\n    padding: 8px 8px;\n    display: table-cell;\n    text-align: left;\n    vertical-align: middle;\n}\ntd.check_warranty_bh_col {\n    padding: 6px;\n}\n.check_warranty_bh_label {\n    font-weight: 700;\n    width: 28%;\n}\n.check_warranty_baohanh_form {\n    margin: 0 0 10px 0;\n}\n.check_warranty_baohanh_form_box input {\n    \/*display: block;*\/\n}\n.layout-type-1 .check_warranty_baohanh_form_box {\n\twidth: 100%;\n\tmax-width: 100%;\n\ttext-align: center;\n}\n.layout-type-1 button.check_warranty_masp_submit {\n    position: absolute;\n}\n.layout-type-1 input#check_warranty_phone {\n    width: 100%;\n    padding: 9px;\n    border: 1px solid #ccc;\n    border-radius: 3px;\n}\n.check_warranty_baohanh_wrap .left-label {\n    display: block;\n}\nspan.require-file {\n    color: red;\n}\n.layout-type-0 .check_warranty_masp_submit {\n    border: 0 none;\n    border-radius: 0;\n}\n<\/style>\n\n<div class=\"check_warranty_baohanh_wrap check_warranty_loadingx layout-type-2\">\n\t<div class=\"check_warranty_baohanh_form_box\">\n\t    <form action=\"\" method=\"post\" class=\"form_check_warranty_baohanh\" data-type=\"2\">\n\t        <input type=\"hidden\" id=\"et-pb-contact-form-submit\" name=\"et-pb-contact-form-submit\" value=\"1c30656a09\" \/><input type=\"hidden\" name=\"_wp_http_referer\" value=\"\/index.php\/wp-json\/wp\/v2\/pages\/2\" \/>\t        \t\t\t<label><span class=\"left-label\">Nh\u1eadp S\u1ed1 Serial <span class=\"require-file\">(*)<\/span><\/span>\n\t\t\t\t<input name=\"check_warranty_serial\" id=\"check_warranty_serial\" value=\"\" placeholder=\"Nh\u1eadp S\u1ed1 Serial\">\n\t\t\t<\/label>\n\t\t\t<button type=\"submit\" class=\"check_warranty_masp_submit\">Ki\u1ec3m tra<\/button>\n\t    \t\t    <\/form>\n\t<\/div>\n\t<div class=\"check_warranty_baohanh_loading\">\u0110ang ki\u1ec3m tra...<\/div>\n\t<div class=\"check_warranty_baohanh_result\">\n\t   \n\t<\/div>\n<\/div>\n\t<\/div>\n\t\t\t\t\t\t<\/div>\n\t\t\t\t<\/div>\n\t\t<div class=\"elementor-element elementor-element-d4eb387 e-con-full e-flex e-con e-child\" data-id=\"d4eb387\" data-element_type=\"container\" data-e-type=\"container\">\n\t\t\t\t<div class=\"elementor-element elementor-element-533502a elementor-widget elementor-widget-image\" data-id=\"533502a\" data-element_type=\"widget\" data-e-type=\"widget\" data-widget_type=\"image.default\">\n\t\t\t\t\t\t\t\t\t\t\t\t\t\t\t<img fetchpriority=\"high\" decoding=\"async\" width=\"800\" height=\"506\" src=\"https:\/\/vietmydentallab.com\/wp-content\/uploads\/2026\/03\/mattruoc-1024x648.jpg\" class=\"attachment-large size-large wp-image-139\" alt=\"\" srcset=\"https:\/\/vietmydentallab.com\/wp-content\/uploads\/2026\/03\/mattruoc-1024x648.jpg 1024w, https:\/\/vietmydentallab.com\/wp-content\/uploads\/2026\/03\/mattruoc-300x190.jpg 300w, https:\/\/vietmydentallab.com\/wp-content\/uploads\/2026\/03\/mattruoc-768x486.jpg 768w, https:\/\/vietmydentallab.com\/wp-content\/uploads\/2026\/03\/mattruoc.jpg 1280w\" sizes=\"(max-width: 800px) 100vw, 800px\" \/>\t\t\t\t\t\t\t\t\t\t\t\t\t\t\t<\/div>\n\t\t\t\t<div class=\"elementor-element elementor-element-e1cafe9 elementor-widget elementor-widget-image\" data-id=\"e1cafe9\" data-element_type=\"widget\" data-e-type=\"widget\" data-widget_type=\"image.default\">\n\t\t\t\t\t\t\t\t\t\t\t\t\t\t\t<img decoding=\"async\" width=\"800\" height=\"506\" src=\"https:\/\/vietmydentallab.com\/wp-content\/uploads\/2026\/03\/matsau-1024x648.jpg\" class=\"attachment-large size-large wp-image-140\" alt=\"\" srcset=\"https:\/\/vietmydentallab.com\/wp-content\/uploads\/2026\/03\/matsau-1024x648.jpg 1024w, https:\/\/vietmydentallab.com\/wp-content\/uploads\/2026\/03\/matsau-300x190.jpg 300w, https:\/\/vietmydentallab.com\/wp-content\/uploads\/2026\/03\/matsau-768x486.jpg 768w, https:\/\/vietmydentallab.com\/wp-content\/uploads\/2026\/03\/matsau.jpg 1280w\" sizes=\"(max-width: 800px) 100vw, 800px\" \/>\t\t\t\t\t\t\t\t\t\t\t\t\t\t\t<\/div>\n\t\t\t\t<\/div>\n\t\t\t\t\t<\/div>\n\t\t\t\t<\/div>\n\t\t<div class=\"elementor-element elementor-element-a6f9a92 e-flex e-con-boxed e-con e-parent\" data-id=\"a6f9a92\" data-element_type=\"container\" data-e-type=\"container\">\n\t\t\t\t\t<div class=\"e-con-inner\">\n\t\t\t\t<div class=\"elementor-element elementor-element-2f99297 elementor-widget__width-inherit elementor-view-default elementor-position-block-start elementor-mobile-position-block-start elementor-widget elementor-widget-icon-box\" data-id=\"2f99297\" data-element_type=\"widget\" data-e-type=\"widget\" data-widget_type=\"icon-box.default\">\n\t\t\t\t\t\t\t<div class=\"elementor-icon-box-wrapper\">\n\n\t\t\t\t\t\t<div class=\"elementor-icon-box-icon\">\n\t\t\t\t<span  class=\"elementor-icon\">\n\t\t\t\t<svg aria-hidden=\"true\" class=\"e-font-icon-svg e-fas-user-friends\" viewBox=\"0 0 640 512\" xmlns=\"http:\/\/www.w3.org\/2000\/svg\"><path d=\"M192 256c61.9 0 112-50.1 112-112S253.9 32 192 32 80 82.1 80 144s50.1 112 112 112zm76.8 32h-8.3c-20.8 10-43.9 16-68.5 16s-47.6-6-68.5-16h-8.3C51.6 288 0 339.6 0 403.2V432c0 26.5 21.5 48 48 48h288c26.5 0 48-21.5 48-48v-28.8c0-63.6-51.6-115.2-115.2-115.2zM480 256c53 0 96-43 96-96s-43-96-96-96-96 43-96 96 43 96 96 96zm48 32h-3.8c-13.9 4.8-28.6 8-44.2 8s-30.3-3.2-44.2-8H432c-20.4 0-39.2 5.9-55.7 15.4 24.4 26.3 39.7 61.2 39.7 99.8v38.4c0 2.2-.5 4.3-.6 6.4H592c26.5 0 48-21.5 48-48 0-61.9-50.1-112-112-112z\"><\/path><\/svg>\t\t\t\t<\/span>\n\t\t\t<\/div>\n\t\t\t\n\t\t\t\t\t\t<div class=\"elementor-icon-box-content\">\n\n\t\t\t\t\t\t\t\t\t<h3 class=\"elementor-icon-box-title\">\n\t\t\t\t\t\t<span  >\n\t\t\t\t\t\t\t\u0110\u1ed9i ng\u0169 chuy\u00ean \t\t\t\t\t\t<\/span>\n\t\t\t\t\t<\/h3>\n\t\t\t\t\n\t\t\t\t\t\t\t\t\t<p class=\"elementor-icon-box-description\">\n\t\t\t\t\t\t10+ K\u1ef9 thu\u1eadt vi\u00ean\t\t\t\t\t<\/p>\n\t\t\t\t\n\t\t\t<\/div>\n\t\t\t\n\t\t<\/div>\n\t\t\t\t\t\t<\/div>\n\t\t\t\t<div class=\"elementor-element elementor-element-5eb27e5 elementor-widget__width-inherit elementor-view-default elementor-position-block-start elementor-mobile-position-block-start elementor-widget elementor-widget-icon-box\" data-id=\"5eb27e5\" data-element_type=\"widget\" data-e-type=\"widget\" data-widget_type=\"icon-box.default\">\n\t\t\t\t\t\t\t<div class=\"elementor-icon-box-wrapper\">\n\n\t\t\t\t\t\t<div class=\"elementor-icon-box-icon\">\n\t\t\t\t<span  class=\"elementor-icon\">\n\t\t\t\t<svg aria-hidden=\"true\" class=\"e-font-icon-svg e-fas-clock\" viewBox=\"0 0 512 512\" xmlns=\"http:\/\/www.w3.org\/2000\/svg\"><path d=\"M256,8C119,8,8,119,8,256S119,504,256,504,504,393,504,256,393,8,256,8Zm92.49,313h0l-20,25a16,16,0,0,1-22.49,2.5h0l-67-49.72a40,40,0,0,1-15-31.23V112a16,16,0,0,1,16-16h32a16,16,0,0,1,16,16V256l58,42.5A16,16,0,0,1,348.49,321Z\"><\/path><\/svg>\t\t\t\t<\/span>\n\t\t\t<\/div>\n\t\t\t\n\t\t\t\t\t\t<div class=\"elementor-icon-box-content\">\n\n\t\t\t\t\t\t\t\t\t<h3 class=\"elementor-icon-box-title\">\n\t\t\t\t\t\t<span  >\n\t\t\t\t\t\t\tKinh nghi\u1ec7m l\u00e2m s\u00e0ng\t\t\t\t\t\t<\/span>\n\t\t\t\t\t<\/h3>\n\t\t\t\t\n\t\t\t\t\t\t\t\t\t<p class=\"elementor-icon-box-description\">\n\t\t\t\t\t\t25+ N\u0103m\t\t\t\t\t<\/p>\n\t\t\t\t\n\t\t\t<\/div>\n\t\t\t\n\t\t<\/div>\n\t\t\t\t\t\t<\/div>\n\t\t\t\t<div class=\"elementor-element elementor-element-a6ef831 elementor-widget__width-inherit elementor-view-default elementor-position-block-start elementor-mobile-position-block-start elementor-widget elementor-widget-icon-box\" data-id=\"a6ef831\" data-element_type=\"widget\" data-e-type=\"widget\" data-widget_type=\"icon-box.default\">\n\t\t\t\t\t\t\t<div class=\"elementor-icon-box-wrapper\">\n\n\t\t\t\t\t\t<div class=\"elementor-icon-box-icon\">\n\t\t\t\t<span  class=\"elementor-icon\">\n\t\t\t\t<svg aria-hidden=\"true\" class=\"e-font-icon-svg e-fas-shield-alt\" viewBox=\"0 0 512 512\" xmlns=\"http:\/\/www.w3.org\/2000\/svg\"><path d=\"M466.5 83.7l-192-80a48.15 48.15 0 0 0-36.9 0l-192 80C27.7 91.1 16 108.6 16 128c0 198.5 114.5 335.7 221.5 380.3 11.8 4.9 25.1 4.9 36.9 0C360.1 472.6 496 349.3 496 128c0-19.4-11.7-36.9-29.5-44.3zM256.1 446.3l-.1-381 175.9 73.3c-3.3 151.4-82.1 261.1-175.8 307.7z\"><\/path><\/svg>\t\t\t\t<\/span>\n\t\t\t<\/div>\n\t\t\t\n\t\t\t\t\t\t<div class=\"elementor-icon-box-content\">\n\n\t\t\t\t\t\t\t\t\t<h3 class=\"elementor-icon-box-title\">\n\t\t\t\t\t\t<span  >\n\t\t\t\t\t\t\tTh\u1ebb b\u1ea3o \u0111\u00e3 c\u1ea5p\t\t\t\t\t\t<\/span>\n\t\t\t\t\t<\/h3>\n\t\t\t\t\n\t\t\t\t\t\t\t\t\t<p class=\"elementor-icon-box-description\">\n\t\t\t\t\t\t1.000+\t\t\t\t\t<\/p>\n\t\t\t\t\n\t\t\t<\/div>\n\t\t\t\n\t\t<\/div>\n\t\t\t\t\t\t<\/div>\n\t\t\t\t\t<\/div>\n\t\t\t\t<\/div>\n\t\t\t\t<\/div>\n\t\t","protected":false},"excerpt":{"rendered":"<p>Tra C\u1ee9u B\u1ea3o H\u00e0nh Truy c\u1eadp th\u00f4ng tin chi ti\u1ebft v\u1ec1 ph\u1ee5c h\u00ecnh c\u1ee7a b\u1ea1n ngay l\u1eadp t\u1ee9c. Nh\u1eadp s\u1ed1 \u0111i\u1ec7n tho\u1ea1i \u0111\u00e3 \u0111\u0103ng k\u00fd \u0111\u1ec3 ki\u1ec3m tra tr\u1ea1ng th\u00e1i b\u1ea3o h\u00e0nh. \u0110\u1ed9i ng\u0169 chuy\u00ean 10+ K\u1ef9 thu\u1eadt vi\u00ean Kinh nghi\u1ec7m l\u00e2m s\u00e0ng 25+ N\u0103m Th\u1ebb b\u1ea3o \u0111\u00e3 c\u1ea5p 1.000+<\/p>\n","protected":false},"author":1,"featured_media":0,"parent":0,"menu_order":0,"comment_status":"closed","ping_status":"open","template":"","meta":{"footnotes":""},"class_list":["post-2","page","type-page","status-publish","hentry"],"_links":{"self":[{"href":"https:\/\/vietmydentallab.com\/index.php\/wp-json\/wp\/v2\/pages\/2","targetHints":{"allow":["GET"]}}],"collection":[{"href":"https:\/\/vietmydentallab.com\/index.php\/wp-json\/wp\/v2\/pages"}],"about":[{"href":"https:\/\/vietmydentallab.com\/index.php\/wp-json\/wp\/v2\/types\/page"}],"author":[{"embeddable":true,"href":"https:\/\/vietmydentallab.com\/index.php\/wp-json\/wp\/v2\/users\/1"}],"replies":[{"embeddable":true,"href":"https:\/\/vietmydentallab.com\/index.php\/wp-json\/wp\/v2\/comments?post=2"}],"version-history":[{"count":31,"href":"https:\/\/vietmydentallab.com\/index.php\/wp-json\/wp\/v2\/pages\/2\/revisions"}],"predecessor-version":[{"id":146,"href":"https:\/\/vietmydentallab.com\/index.php\/wp-json\/wp\/v2\/pages\/2\/revisions\/146"}],"wp:attachment":[{"href":"https:\/\/vietmydentallab.com\/index.php\/wp-json\/wp\/v2\/media?parent=2"}],"curies":[{"name":"wp","href":"https:\/\/api.w.org\/{rel}","templated":true}]}}